{"id":18359,"date":"2021-12-22T15:03:15","date_gmt":"2021-12-22T12:03:15","guid":{"rendered":"https:\/\/www.cubeor.com\/templateconfigpage\/"},"modified":"2022-10-13T12:21:38","modified_gmt":"2022-10-13T09:21:38","slug":"contract-manufacturing","status":"publish","type":"page","link":"https:\/\/www.cubeor.com\/fi\/contract-manufacturing\/","title":{"rendered":"Sopimusvalmistus"},"content":{"rendered":"<section class=\"section is-full-height\" id=\"section_418966786\">\n\t\t<div class=\"section-bg fill\" >\n\t\t\t\t\t\t\t<div class=\"video-overlay no-click fill visible\"><\/div>\n\t<video class=\"video-bg fill visible\" preload playsinline autoplay muted loop>\n\t\t<source src=\"https:\/\/www.cubeor.com\/wp-content\/uploads\/2021\/11\/cubeor-service-low.mp4\" type=\"video\/mp4\">\t<\/video>\n\t\t\t<div class=\"section-bg-overlay absolute fill\"><\/div>\n\t\t\t\n\n\t\t<\/div>\n\n\t\t\n\n\t\t<div class=\"section-content relative\">\n\t\t\t\n\n<div class=\"row row-collapse align-middle align-center\" style=\"max-width:1080px\" id=\"row-1528584504\">\n\n\n\t<div id=\"col-1205825193\" class=\"col small-12 large-12\"  >\n\t\t\t\t<div class=\"col-inner text-center text-shadow-2\"  >\n\t\t\t\n\t\t\t\n\n\t<div id=\"text-2006130302\" class=\"text\">\n\t\t\n\n<h1 style=\"text-align: left;\">SOPIMUSVALMISTUS<\/h1>\n<p style=\"text-align: left;\"><strong>MEKANIIKKAVALMISTUS | OHUTLEVYT | KOKOONPANO &amp; TESTAUS<\/strong><\/p>\n\t\t\n<style>\n#text-2006130302 {\n  font-size: 1.15rem;\n  line-height: 1.5;\n}\n@media (min-width:550px) {\n  #text-2006130302 {\n    font-size: 2rem;\n    line-height: 1.5;\n  }\n}\n@media (min-width:850px) {\n  #text-2006130302 {\n    font-size: 2.5rem;\n    line-height: 1.5;\n  }\n}\n<\/style>\n\t<\/div>\n\t\n\n\t\t<\/div>\n\t\t\t\t\t<\/div>\n\n\t\n\n\n<style>\n#row-1528584504 > .col > .col-inner {\n  padding: 0px 25px 0px 25px;\n}\n@media (min-width:550px) {\n  #row-1528584504 > .col > .col-inner {\n    padding: 25px 25px 25px 25px;\n  }\n}\n<\/style>\n<\/div>\n\n\t\t<\/div>\n\n\t\t\n<style>\n#section_418966786 {\n  padding-top: 0px;\n  padding-bottom: 0px;\n  margin-bottom: 0px;\n  min-height: 100vh;\n  background-color: #2c363f;\n}\n#section_418966786 .section-bg-overlay {\n  background-color: rgba(25, 25, 25, 0.4);\n}\n@media (min-width:550px) {\n  #section_418966786 .section-bg-overlay {\n    background-color: rgba(25, 25, 25, 0.4);\n  }\n}\n@media (min-width:850px) {\n  #section_418966786 .section-bg-overlay {\n    background-color: rgba(25, 25, 25, 0.35);\n  }\n}\n<\/style>\n\t<\/section>\n\t\n\n\t<section class=\"section\" id=\"section_1930183094\">\n\t\t<div class=\"section-bg fill\" >\n\t\t\t<img loading=\"lazy\" decoding=\"async\" width=\"2560\" height=\"1553\" src=\"https:\/\/www.cubeor.com\/wp-content\/uploads\/2021\/11\/home-3.jpg\" class=\"bg attachment- size-\" alt=\"cubeor home page contract manufacturing sheet metal picture\" \/>\t\t\t\t\t\t<div class=\"section-bg-overlay absolute fill\"><\/div>\n\t\t\t\n\t<div class=\"is-border\"\n\t\tstyle=\"border-color:rgb(0, 0, 0);border-width:2px 0px 2px 0px;\">\n\t<\/div>\n\n\t\t<\/div>\n\n\t\t\n\n\t\t<div class=\"section-content relative\">\n\t\t\t\n\n<div class=\"row row-collapse align-middle align-center\" style=\"max-width:1080px\" id=\"row-228078916\">\n\n\n\t<div id=\"col-50076163\" class=\"col small-12 large-12\"  >\n\t\t\t\t<div class=\"col-inner text-center text-shadow-2\" style=\"background-color:rgba(44, 54, 63, 0.907);\" >\n\t\t\t\n\t\t\t\n\n\t<div id=\"text-3448406650\" class=\"text\">\n\t\t\n\n<h3>MIKSI CUBEOR?<\/h3>\n<p>Takaamme korkean laadun niin tuotteissa kuin toiminnassamme. Edulliset hinnat, asiakkaan eduksi joustavat toimintamallit sek\u00e4 aikatauluista kiinni pit\u00e4minen ovat vahvuuksiamme. Tarjoamme sopimusvalmistusta aina yksitt\u00e4isist\u00e4 kappaleista suurin sarjakokoihin.<\/p>\n\t\t\n<style>\n#text-3448406650 {\n  font-size: 1.3rem;\n  line-height: 1.5;\n  text-align: left;\n}\n@media (min-width:550px) {\n  #text-3448406650 {\n    font-size: 1.5rem;\n    line-height: 1.5;\n    text-align: left;\n  }\n}\n@media (min-width:850px) {\n  #text-3448406650 {\n    font-size: 2rem;\n  }\n}\n<\/style>\n\t<\/div>\n\t\n\n\t\t<\/div>\n\t\t\t\t\t<\/div>\n\n\t\n\n\n<style>\n#row-228078916 > .col > .col-inner {\n  padding: 25px 25px 25px 25px;\n  border-radius: 10px;\n}\n<\/style>\n<\/div>\n\n\t\t<\/div>\n\n\t\t\n<style>\n#section_1930183094 {\n  padding-top: 0px;\n  padding-bottom: 0px;\n  min-height: 70vh;\n}\n#section_1930183094 .section-bg-overlay {\n  background-color: rgba(0, 0, 0, 0.35);\n}\n#section_1930183094 .section-bg img {\n  object-position: 50% 50%;\n}\n<\/style>\n\t<\/section>\n\t\n\n\t<section class=\"section\" id=\"section_908221369\">\n\t\t<div class=\"section-bg fill\" >\n\t\t\t<img loading=\"lazy\" decoding=\"async\" width=\"1707\" height=\"2560\" src=\"https:\/\/www.cubeor.com\/wp-content\/uploads\/2021\/11\/cubeor-air-bending-sheet-metal.jpg\" class=\"bg attachment-original size-original\" alt=\"air bending a piece of sheet metal\" \/>\t\t\t\t\t\t<div class=\"section-bg-overlay absolute fill\"><\/div>\n\t\t\t\n\t<div class=\"is-border\"\n\t\tstyle=\"border-color:rgb(0, 0, 0);border-width:0px 0px 2px 0px;\">\n\t<\/div>\n\n\t\t<\/div>\n\n\t\t\n\n\t\t<div class=\"section-content relative\">\n\t\t\t\n\n<div class=\"row row-collapse align-middle align-center\" style=\"max-width:1080px\" id=\"row-1472666795\">\n\n\n\t<div id=\"col-697942671\" class=\"col small-12 large-12\"  >\n\t\t\t\t<div class=\"col-inner text-center text-shadow-2\" style=\"background-color:rgba(44, 54, 63, 0.907);\" >\n\t\t\t\n\t\t\t\n\n\t<div id=\"text-1477183127\" class=\"text\">\n\t\t\n\n<h3 style=\"text-align: left;\">PARAS HINTA-LAATUSUHDE<\/h3>\n<p>Edulliset hinnat ja korkea laatu sek\u00e4 asiakkaan eduksi joustavat toimintamallit yhdistettyn\u00e4 pit\u00e4viin aikatauluihin, tekev\u00e4t meist\u00e4 varman valinnan kumppaniksenne.<\/p>\n\t\t\n<style>\n#text-1477183127 {\n  font-size: 1.3rem;\n  line-height: 1.5;\n  text-align: left;\n}\n@media (min-width:550px) {\n  #text-1477183127 {\n    font-size: 2rem;\n    line-height: 1.5;\n    text-align: left;\n  }\n}\n<\/style>\n\t<\/div>\n\t\n\n\t\t<\/div>\n\t\t\t\t\t<\/div>\n\n\t\n\n\n<style>\n#row-1472666795 > .col > .col-inner {\n  padding: 25px 25px 25px 25px;\n  border-radius: 10px;\n}\n<\/style>\n<\/div>\n\n\t\t<\/div>\n\n\t\t\n<style>\n#section_908221369 {\n  padding-top: 0px;\n  padding-bottom: 0px;\n  min-height: 70vh;\n}\n#section_908221369 .section-bg-overlay {\n  background-color: rgba(0, 0, 0, 0.35);\n}\n#section_908221369 .section-bg img {\n  object-position: 50% 50%;\n}\n<\/style>\n\t<\/section>\n\t\n\n\t<section class=\"section\" id=\"section_2104292077\">\n\t\t<div class=\"section-bg fill\" >\n\t\t\t<img loading=\"lazy\" decoding=\"async\" width=\"2560\" height=\"1730\" src=\"https:\/\/www.cubeor.com\/wp-content\/uploads\/2021\/11\/cubeor-laser-cut-plywood.jpg\" class=\"bg attachment- size-\" alt=\"laser cut plywood and PMMA\" \/>\t\t\t\t\t\t<div class=\"section-bg-overlay absolute fill\"><\/div>\n\t\t\t\n\t<div class=\"is-border\"\n\t\tstyle=\"border-color:rgb(0, 0, 0);border-width:0px 0px 2px 0px;\">\n\t<\/div>\n\n\t\t<\/div>\n\n\t\t\n\n\t\t<div class=\"section-content relative\">\n\t\t\t\n\n<div class=\"row row-collapse align-middle align-center\" style=\"max-width:1080px\" id=\"row-621960755\">\n\n\n\t<div id=\"col-562349190\" class=\"col small-12 large-12\"  >\n\t\t\t\t<div class=\"col-inner text-center text-shadow-2\" style=\"background-color:rgba(44, 54, 63, 0.907);\" >\n\t\t\t\n\t\t\t\n\n\t<div id=\"text-3232260735\" class=\"text\">\n\t\t\n\n<h3 style=\"text-align: left;\">KATTAVA MATERIAALIVALIKOIMA<\/h3>\n<p>Valikoimastamme l\u00f6ytyy useat eri ohutlevymetallit, korkealaatuiset ohutvanerit sek\u00e4 laserty\u00f6stett\u00e4v\u00e4t muovit.<\/p>\n\t\t\n<style>\n#text-3232260735 {\n  font-size: 1.3rem;\n  line-height: 1.5;\n  text-align: left;\n}\n@media (min-width:550px) {\n  #text-3232260735 {\n    font-size: 2rem;\n    line-height: 1.5;\n  }\n}\n<\/style>\n\t<\/div>\n\t\n\n\t\t<\/div>\n\t\t\t\t\t<\/div>\n\n\t\n\n\n<style>\n#row-621960755 > .col > .col-inner {\n  padding: 25px 25px 25px 25px;\n  border-radius: 10px;\n}\n<\/style>\n<\/div>\n\n\t\t<\/div>\n\n\t\t\n<style>\n#section_2104292077 {\n  padding-top: 0px;\n  padding-bottom: 0px;\n  min-height: 70vh;\n}\n#section_2104292077 .section-bg-overlay {\n  background-color: rgba(0, 0, 0, 0.35);\n}\n#section_2104292077 .section-bg img {\n  object-position: 50% 50%;\n}\n<\/style>\n\t<\/section>\n\t\n\n\t<section class=\"section\" id=\"section_542116004\">\n\t\t<div class=\"section-bg fill\" >\n\t\t\t<img loading=\"lazy\" decoding=\"async\" width=\"2560\" height=\"1553\" src=\"https:\/\/www.cubeor.com\/wp-content\/uploads\/2021\/11\/mini-5-1.jpg\" class=\"bg attachment- size-\" alt=\"fiber laser cutting sheet metal with sparks\" \/>\t\t\t\t\t\t<div class=\"section-bg-overlay absolute fill\"><\/div>\n\t\t\t\n\t<div class=\"is-border\"\n\t\tstyle=\"border-color:rgb(0, 0, 0);border-width:0px 0px 2px 0px;\">\n\t<\/div>\n\n\t\t<\/div>\n\n\t\t\n\n\t\t<div class=\"section-content relative\">\n\t\t\t\n\n<div class=\"row row-collapse align-middle align-center\" style=\"max-width:1080px\" id=\"row-1130476336\">\n\n\n\t<div id=\"col-617578511\" class=\"col small-12 large-12\"  >\n\t\t\t\t<div class=\"col-inner text-center text-shadow-2\" style=\"background-color:rgba(44, 54, 63, 0.907);\" >\n\t\t\t\n\t\t\t\n\n\t<div id=\"text-1666199271\" class=\"text\">\n\t\t\n\n<h3 style=\"text-align: left;\">V\u00c4LIT\u00d6N ASIAKASPALVELU<\/h3>\n<p>Vastaamme nopeasti tiedusteluihin ja tarjouspyynt\u00f6ihin. Ota rohkeasti yhteytt\u00e4, k\u00e4yd\u00e4\u00e4n tarpeenne yhdess\u00e4 l\u00e4pi.<\/p>\n\t\t\n<style>\n#text-1666199271 {\n  font-size: 1.3rem;\n  line-height: 1.5;\n  text-align: left;\n}\n@media (min-width:550px) {\n  #text-1666199271 {\n    font-size: 2rem;\n    line-height: 1.5;\n  }\n}\n<\/style>\n\t<\/div>\n\t\n\n\t\t<\/div>\n\t\t\t\t\t<\/div>\n\n\t\n\n\n<style>\n#row-1130476336 > .col > .col-inner {\n  padding: 25px 25px 25px 25px;\n  border-radius: 10px;\n}\n<\/style>\n<\/div>\n\n\t\t<\/div>\n\n\t\t\n<style>\n#section_542116004 {\n  padding-top: 0px;\n  padding-bottom: 0px;\n  min-height: 70vh;\n}\n#section_542116004 .section-bg-overlay {\n  background-color: rgba(0, 0, 0, 0.35);\n}\n#section_542116004 .section-bg img {\n  object-position: 50% 50%;\n}\n<\/style>\n\t<\/section>\n\t\n\n\t<section class=\"section\" id=\"section_109675294\">\n\t\t<div class=\"section-bg fill\" >\n\t\t\t<img loading=\"lazy\" decoding=\"async\" width=\"2560\" height=\"1553\" src=\"https:\/\/www.cubeor.com\/wp-content\/uploads\/2021\/11\/mini-3.jpg\" class=\"bg attachment- size-\" alt=\"unpainted cubeor matx cases ready to be shipped\" \/>\t\t\t\t\t\t<div class=\"section-bg-overlay absolute fill\"><\/div>\n\t\t\t\n\t<div class=\"is-border\"\n\t\tstyle=\"border-color:rgb(0, 0, 0);border-width:0px 0px 2px 0px;\">\n\t<\/div>\n\n\t\t<\/div>\n\n\t\t\n\n\t\t<div class=\"section-content relative\">\n\t\t\t\n\n<div class=\"row row-collapse align-middle align-center\" style=\"max-width:1080px\" id=\"row-494036908\">\n\n\n\t<div id=\"col-175371916\" class=\"col small-12 large-12\"  >\n\t\t\t\t<div class=\"col-inner text-center text-shadow-2\" style=\"background-color:rgba(44, 54, 63, 0.907);\" >\n\t\t\t\n\t\t\t\n\n\t<div id=\"text-1082547272\" class=\"text\">\n\t\t\n\n<h3 style=\"text-align: left;\">LUOTETTAVAA PALVELUA YLI KYMMENEN VUODEN KOKEMUKSELLA<\/h3>\n<p>Yritysten lis\u00e4ksi palvelemme my\u00f6s yksityisasiakkaita. Meilt\u00e4 saat luotettavaa palvelua l\u00e4pin\u00e4kyv\u00e4ll\u00e4 hinnoittelulla.<\/p>\n<p>Ota meihin rohkeasti yhteytt\u00e4.<\/p>\n\t\t\n<style>\n#text-1082547272 {\n  font-size: 1.3rem;\n  line-height: 1.5;\n  text-align: left;\n}\n@media (min-width:550px) {\n  #text-1082547272 {\n    font-size: 2rem;\n    line-height: 1.5;\n  }\n}\n<\/style>\n\t<\/div>\n\t\n\n\t\t<\/div>\n\t\t\t\t\t<\/div>\n\n\t\n\n\n<style>\n#row-494036908 > .col > .col-inner {\n  padding: 25px 25px 25px 25px;\n  border-radius: 10px;\n}\n<\/style>\n<\/div>\n\n\t\t<\/div>\n\n\t\t\n<style>\n#section_109675294 {\n  padding-top: 0px;\n  padding-bottom: 0px;\n  min-height: 70vh;\n}\n#section_109675294 .section-bg-overlay {\n  background-color: rgba(0, 0, 0, 0.35);\n}\n#section_109675294 .section-bg img {\n  object-position: 50% 50%;\n}\n<\/style>\n\t<\/section>\n\t\n\n\t<section class=\"section\" id=\"section_5372053\">\n\t\t<div class=\"section-bg fill\" >\n\t\t\t<img loading=\"lazy\" decoding=\"async\" width=\"2560\" height=\"1707\" src=\"https:\/\/www.cubeor.com\/wp-content\/uploads\/2021\/11\/cubeor-layout-image-full.jpg\" class=\"bg attachment- size-\" alt=\"\" \/>\t\t\t\t\t\t\n\t\t\t\n\n\t\t<\/div>\n\n\t\t\n\n\t\t<div class=\"section-content relative\">\n\t\t\t\n\n<div class=\"row row-collapse row-full-width align-middle align-center\"  id=\"row-1752474029\">\n\n\n\t<div id=\"col-1443822464\" class=\"col small-12 large-12\"  >\n\t\t\t\t<div class=\"col-inner text-center\"  >\n\t\t\t\n\t\t\t\n\n<a href=\"mailto:sales@cubeor.com\" class=\"button primary is-shade is-large box-shadow-4 box-shadow-1-hover\" style=\"border-radius:10px;\">\n\t\t<span>Ota yhteytt\u00e4<\/span>\n\t<i class=\"icon-envelop\" aria-hidden=\"true\"><\/i><\/a>\n\n\n\n\t\t<\/div>\n\t\t\t\t\t<\/div>\n\n\t\n\n\n<style>\n#row-1752474029 > .col > .col-inner {\n  padding: 100px 100px 100px 100px;\n}\n<\/style>\n<\/div>\n\n\t\t<\/div>\n\n\t\t\n<style>\n#section_5372053 {\n  padding-top: 0px;\n  padding-bottom: 0px;\n  min-height: 50vh;\n  background-color: #2c363f;\n}\n#section_5372053 .section-bg img {\n  object-position: 50% 50%;\n}\n@media (min-width:550px) {\n  #section_5372053 {\n    padding-top: 0px;\n    padding-bottom: 0px;\n    min-height: 50vh;\n  }\n}\n@media (min-width:850px) {\n  #section_5372053 {\n    padding-top: 0px;\n    padding-bottom: 0px;\n  }\n}\n<\/style>\n\t<\/section>","protected":false},"excerpt":{"rendered":"","protected":false},"author":1,"featured_media":0,"parent":0,"menu_order":4,"comment_status":"closed","ping_status":"closed","template":"page-transparent-header-light.php","meta":{"footnotes":""},"class_list":["post-18359","page","type-page","status-publish","hentry"],"aioseo_notices":[],"_links":{"self":[{"href":"https:\/\/www.cubeor.com\/fi\/wp-json\/wp\/v2\/pages\/18359","targetHints":{"allow":["GET"]}}],"collection":[{"href":"https:\/\/www.cubeor.com\/fi\/wp-json\/wp\/v2\/pages"}],"about":[{"href":"https:\/\/www.cubeor.com\/fi\/wp-json\/wp\/v2\/types\/page"}],"author":[{"embeddable":true,"href":"https:\/\/www.cubeor.com\/fi\/wp-json\/wp\/v2\/users\/1"}],"replies":[{"embeddable":true,"href":"https:\/\/www.cubeor.com\/fi\/wp-json\/wp\/v2\/comments?post=18359"}],"version-history":[{"count":0,"href":"https:\/\/www.cubeor.com\/fi\/wp-json\/wp\/v2\/pages\/18359\/revisions"}],"wp:attachment":[{"href":"https:\/\/www.cubeor.com\/fi\/wp-json\/wp\/v2\/media?parent=18359"}],"curies":[{"name":"wp","href":"https:\/\/api.w.org\/{rel}","templated":true}]}}