{"id":18464,"date":"2021-12-22T15:54:24","date_gmt":"2021-12-22T12:54:24","guid":{"rendered":"https:\/\/www.cubeor.com\/contract-manufacturing-2\/"},"modified":"2022-10-13T12:24:29","modified_gmt":"2022-10-13T09:24:29","slug":"rapid-prototyping","status":"publish","type":"page","link":"https:\/\/www.cubeor.com\/fi\/rapid-prototyping\/","title":{"rendered":"Prototyyppivalmistus"},"content":{"rendered":"<section class=\"section is-full-height\" id=\"section_1050741407\">\n\t\t<div class=\"section-bg fill\" >\n\t\t\t\t\t\t\t<div class=\"video-overlay no-click fill visible\"><\/div>\n\t<video class=\"video-bg fill visible\" preload playsinline autoplay muted loop>\n\t\t<source src=\"https:\/\/www.cubeor.com\/wp-content\/uploads\/2021\/11\/cubeor-service-low.mp4\" type=\"video\/mp4\">\t<\/video>\n\t\t\t<div class=\"section-bg-overlay absolute fill\"><\/div>\n\t\t\t\n\n\t\t<\/div>\n\n\t\t\n\n\t\t<div class=\"section-content relative\">\n\t\t\t\n\n<div class=\"row row-collapse align-middle align-center\" style=\"max-width:1080px\" id=\"row-1687681201\">\n\n\n\t<div id=\"col-777835803\" class=\"col small-12 large-12\"  >\n\t\t\t\t<div class=\"col-inner text-center text-shadow-2\"  >\n\t\t\t\n\t\t\t\n\n\t<div id=\"text-2202136973\" class=\"text\">\n\t\t\n\n<h1 style=\"text-align: left;\">PROTOTYYPPIVALMISTUS JA VISUAALISET MALLIT<\/h1>\n<p style=\"text-align: left;\"><strong>TUOTESUUNNITTELU | <\/strong><strong>3D-TULOSTUS | <\/strong><strong>OHUTLEVYT | <\/strong><strong>KOKOONPANO &amp; TESTAUS<\/strong><\/p>\n\t\t\n<style>\n#text-2202136973 {\n  font-size: 1.15rem;\n  line-height: 1.5;\n}\n@media (min-width:550px) {\n  #text-2202136973 {\n    font-size: 2rem;\n    line-height: 1.5;\n  }\n}\n@media (min-width:850px) {\n  #text-2202136973 {\n    font-size: 2.5rem;\n    line-height: 1.5;\n  }\n}\n<\/style>\n\t<\/div>\n\t\n\n\t\t<\/div>\n\t\t\t\t\t<\/div>\n\n\t\n\n\n<style>\n#row-1687681201 > .col > .col-inner {\n  padding: 0px 25px 0px 25px;\n}\n@media (min-width:550px) {\n  #row-1687681201 > .col > .col-inner {\n    padding: 25px 25px 25px 25px;\n  }\n}\n<\/style>\n<\/div>\n\n\t\t<\/div>\n\n\t\t\n<style>\n#section_1050741407 {\n  padding-top: 0px;\n  padding-bottom: 0px;\n  margin-bottom: 0px;\n  min-height: 100vh;\n  background-color: #2c363f;\n}\n#section_1050741407 .section-bg-overlay {\n  background-color: rgba(25, 25, 25, 0.4);\n}\n@media (min-width:550px) {\n  #section_1050741407 .section-bg-overlay {\n    background-color: rgba(25, 25, 25, 0.4);\n  }\n}\n@media (min-width:850px) {\n  #section_1050741407 .section-bg-overlay {\n    background-color: rgba(25, 25, 25, 0.35);\n  }\n}\n<\/style>\n\t<\/section>\n\t\n\n\t<section class=\"section\" id=\"section_2033453722\">\n\t\t<div class=\"section-bg fill\" >\n\t\t\t<img loading=\"lazy\" decoding=\"async\" width=\"2560\" height=\"1553\" src=\"https:\/\/www.cubeor.com\/wp-content\/uploads\/2021\/11\/home-3.jpg\" class=\"bg attachment- size-\" alt=\"cubeor home page contract manufacturing sheet metal picture\" \/>\t\t\t\t\t\t<div class=\"section-bg-overlay absolute fill\"><\/div>\n\t\t\t\n\t<div class=\"is-border\"\n\t\tstyle=\"border-color:rgb(0, 0, 0);border-width:2px 0px 2px 0px;\">\n\t<\/div>\n\n\t\t<\/div>\n\n\t\t\n\n\t\t<div class=\"section-content relative\">\n\t\t\t\n\n<div class=\"row row-collapse align-middle align-center\" style=\"max-width:1080px\" id=\"row-2013389363\">\n\n\n\t<div id=\"col-1226944608\" class=\"col small-12 large-12\"  >\n\t\t\t\t<div class=\"col-inner text-center text-shadow-2\" style=\"background-color:rgba(44, 54, 63, 0.907);\" >\n\t\t\t\n\t\t\t\n\n\t<div id=\"text-2098102144\" class=\"text\">\n\t\t\n\n<h3>MIKSI ME?<\/h3>\n<p>Ideoiden jalostaminen valmiiksi tuotteiksi ei saa rajautua kalliisiin kuluihin tai ammattitaidon puuttumiseen.<\/p>\n<p>Prototyyppivalmistuksemme on nopea ja edullinen tapa saada visuaalisia ja toiminnallisia, k\u00e4ytt\u00f6valmiita malleja.<\/p>\n<p>Valmistus onnistuu kaikista formaateista \u2013 asiakkaan valmiista tiedostosta aina paperilapulle piirrettyyn ajatukseen.<\/p>\n\t\t\n<style>\n#text-2098102144 {\n  font-size: 1.3rem;\n  line-height: 1.5;\n  text-align: left;\n}\n@media (min-width:550px) {\n  #text-2098102144 {\n    font-size: 1.5rem;\n    line-height: 1.5;\n    text-align: left;\n  }\n}\n@media (min-width:850px) {\n  #text-2098102144 {\n    font-size: 2rem;\n  }\n}\n<\/style>\n\t<\/div>\n\t\n\n\t\t<\/div>\n\t\t\t\t\t<\/div>\n\n\t\n\n\n<style>\n#row-2013389363 > .col > .col-inner {\n  padding: 25px 25px 25px 25px;\n  border-radius: 10px;\n}\n<\/style>\n<\/div>\n\n\t\t<\/div>\n\n\t\t\n<style>\n#section_2033453722 {\n  padding-top: 0px;\n  padding-bottom: 0px;\n  min-height: 70vh;\n}\n#section_2033453722 .section-bg-overlay {\n  background-color: rgba(0, 0, 0, 0.35);\n}\n#section_2033453722 .section-bg img {\n  object-position: 50% 0%;\n}\n<\/style>\n\t<\/section>\n\t\n\n\t<section class=\"section\" id=\"section_921207798\">\n\t\t<div class=\"section-bg fill\" >\n\t\t\t<img loading=\"lazy\" decoding=\"async\" width=\"887\" height=\"670\" src=\"https:\/\/www.cubeor.com\/wp-content\/uploads\/2021\/11\/cubeor-product-design-example.jpg\" class=\"bg attachment- size-\" alt=\"cubeor 3d modelling example\" \/>\t\t\t\t\t\t<div class=\"section-bg-overlay absolute fill\"><\/div>\n\t\t\t\n\t<div class=\"is-border\"\n\t\tstyle=\"border-color:rgb(0, 0, 0);border-width:0px 0px 2px 0px;\">\n\t<\/div>\n\n\t\t<\/div>\n\n\t\t\n\n\t\t<div class=\"section-content relative\">\n\t\t\t\n\n<div class=\"row row-collapse align-middle align-center\" style=\"max-width:1080px\" id=\"row-1200776798\">\n\n\n\t<div id=\"col-1570906714\" class=\"col small-12 large-12\"  >\n\t\t\t\t<div class=\"col-inner text-center text-shadow-2\" style=\"background-color:rgba(44, 54, 63, 0.907);\" >\n\t\t\t\n\t\t\t\n\n\t<div id=\"text-3988902750\" class=\"text\">\n\t\t\n\n<h3 style=\"text-align: left;\">TUOTEKEHITYS<\/h3>\n<p style=\"text-align: left;\" align=\"center\">Cubeor tarjoaa kokonaisvaltaista tuotesuunnittelua aina ideoiden jalostamisesta valmiiksi tuotteiksi asti.<\/p>\n\t\t\n<style>\n#text-3988902750 {\n  font-size: 1.3rem;\n  line-height: 1.5;\n  text-align: left;\n}\n@media (min-width:550px) {\n  #text-3988902750 {\n    font-size: 2rem;\n    line-height: 1.5;\n    text-align: left;\n  }\n}\n<\/style>\n\t<\/div>\n\t\n\n\t\t<\/div>\n\t\t\t\t\t<\/div>\n\n\t\n\n\n<style>\n#row-1200776798 > .col > .col-inner {\n  padding: 25px 25px 25px 25px;\n  border-radius: 10px;\n}\n<\/style>\n<\/div>\n\n\t\t<\/div>\n\n\t\t\n<style>\n#section_921207798 {\n  padding-top: 0px;\n  padding-bottom: 0px;\n  min-height: 70vh;\n}\n#section_921207798 .section-bg-overlay {\n  background-color: rgba(0, 0, 0, 0.4);\n}\n#section_921207798 .section-bg img {\n  object-position: 50% 50%;\n}\n<\/style>\n\t<\/section>\n\t\n\n\t<section class=\"section\" id=\"section_1383012411\">\n\t\t<div class=\"section-bg fill\" >\n\t\t\t<img loading=\"lazy\" decoding=\"async\" width=\"2560\" height=\"1730\" src=\"https:\/\/www.cubeor.com\/wp-content\/uploads\/2021\/11\/cubeor-laser-cut-plywood.jpg\" class=\"bg attachment- size-\" alt=\"laser cut plywood and PMMA\" \/>\t\t\t\t\t\t<div class=\"section-bg-overlay absolute fill\"><\/div>\n\t\t\t\n\t<div class=\"is-border\"\n\t\tstyle=\"border-color:rgb(0, 0, 0);border-width:0px 0px 2px 0px;\">\n\t<\/div>\n\n\t\t<\/div>\n\n\t\t\n\n\t\t<div class=\"section-content relative\">\n\t\t\t\n\n<div class=\"row row-collapse align-middle align-center\" style=\"max-width:1080px\" id=\"row-631754371\">\n\n\n\t<div id=\"col-890767646\" class=\"col small-12 large-12\"  >\n\t\t\t\t<div class=\"col-inner text-center text-shadow-2\" style=\"background-color:rgba(44, 54, 63, 0.907);\" >\n\t\t\t\n\t\t\t\n\n\t<div id=\"text-3754557340\" class=\"text\">\n\t\t\n\n<h3 style=\"text-align: left;\">MATERIAALIVALIKOIMAMME<\/h3>\n<p style=\"text-align: left;\" align=\"center\">Prototyyppivalmistuksessa tarjoamme samat materiaalit ja valmistustekniikat kuin alihankintavalmistuksessamme. Valikoimaan kuuluu ohutlevymetallit, ohutvanerit, laserty\u00f6stett\u00e4v\u00e4t muovit sek\u00e4 korkealaatuiset 3D-tulosteet.<\/p>\n\t\t\n<style>\n#text-3754557340 {\n  font-size: 1.3rem;\n  line-height: 1.5;\n  text-align: left;\n}\n@media (min-width:550px) {\n  #text-3754557340 {\n    font-size: 2rem;\n    line-height: 1.5;\n  }\n}\n<\/style>\n\t<\/div>\n\t\n\n\t\t<\/div>\n\t\t\t\t\t<\/div>\n\n\t\n\n\n<style>\n#row-631754371 > .col > .col-inner {\n  padding: 25px 25px 25px 25px;\n  border-radius: 10px;\n}\n<\/style>\n<\/div>\n\n\t\t<\/div>\n\n\t\t\n<style>\n#section_1383012411 {\n  padding-top: 0px;\n  padding-bottom: 0px;\n  min-height: 70vh;\n}\n#section_1383012411 .section-bg-overlay {\n  background-color: rgba(0, 0, 0, 0.35);\n}\n#section_1383012411 .section-bg img {\n  object-position: 50% 50%;\n}\n<\/style>\n\t<\/section>\n\t\n\n\t<section class=\"section\" id=\"section_482007068\">\n\t\t<div class=\"section-bg fill\" >\n\t\t\t<img loading=\"lazy\" decoding=\"async\" width=\"2560\" height=\"1553\" src=\"https:\/\/www.cubeor.com\/wp-content\/uploads\/2021\/11\/home-2.jpg\" class=\"bg attachment- size-\" alt=\"cubeor home page 3d printed parts\" \/>\t\t\t\t\t\t<div class=\"section-bg-overlay absolute fill\"><\/div>\n\t\t\t\n\t<div class=\"is-border\"\n\t\tstyle=\"border-color:rgb(0, 0, 0);border-width:0px 0px 2px 0px;\">\n\t<\/div>\n\n\t\t<\/div>\n\n\t\t\n\n\t\t<div class=\"section-content relative\">\n\t\t\t\n\n<div class=\"row row-collapse align-middle align-center\" style=\"max-width:1080px\" id=\"row-1088557409\">\n\n\n\t<div id=\"col-1271417256\" class=\"col small-12 large-12\"  >\n\t\t\t\t<div class=\"col-inner text-center text-shadow-2\" style=\"background-color:rgba(44, 54, 63, 0.907);\" >\n\t\t\t\n\t\t\t\n\n\t<div id=\"text-4260121368\" class=\"text\">\n\t\t\n\n<h3 style=\"text-align: left;\">MAHDOLLISTAMME PIENETKIN PROJEKTIT<\/h3>\n<p style=\"text-align: left;\">Joustavat toimintamallimme mahdollistavat yritysasiakkaiden lis\u00e4ksi pienien projektien toteuttamiset my\u00f6s yksityishenkil\u00f6ille ilman suuria kustannuksia. Ota yhteytt\u00e4 olitpa sitten suuremman yrityksen edustaja tai \u201dkotikeksij\u00e4\".<\/p>\n\t\t\n<style>\n#text-4260121368 {\n  font-size: 1.3rem;\n  line-height: 1.5;\n  text-align: left;\n}\n@media (min-width:550px) {\n  #text-4260121368 {\n    font-size: 2rem;\n    line-height: 1.5;\n  }\n}\n<\/style>\n\t<\/div>\n\t\n\n\t\t<\/div>\n\t\t\t\t\t<\/div>\n\n\t\n\n\n<style>\n#row-1088557409 > .col > .col-inner {\n  padding: 25px 25px 25px 25px;\n  border-radius: 10px;\n}\n<\/style>\n<\/div>\n\n\t\t<\/div>\n\n\t\t\n<style>\n#section_482007068 {\n  padding-top: 0px;\n  padding-bottom: 0px;\n  min-height: 70vh;\n}\n#section_482007068 .section-bg-overlay {\n  background-color: rgba(0, 0, 0, 0.35);\n}\n#section_482007068 .section-bg img {\n  object-position: 50% 50%;\n}\n<\/style>\n\t<\/section>\n\t\n\n\t<section class=\"section\" id=\"section_562358844\">\n\t\t<div class=\"section-bg fill\" >\n\t\t\t<img loading=\"lazy\" decoding=\"async\" width=\"2560\" height=\"1553\" src=\"https:\/\/www.cubeor.com\/wp-content\/uploads\/2021\/11\/mini-3.jpg\" class=\"bg attachment- size-\" alt=\"unpainted cubeor matx cases ready to be shipped\" \/>\t\t\t\t\t\t<div class=\"section-bg-overlay absolute fill\"><\/div>\n\t\t\t\n\t<div class=\"is-border\"\n\t\tstyle=\"border-color:rgb(0, 0, 0);border-width:0px 0px 2px 0px;\">\n\t<\/div>\n\n\t\t<\/div>\n\n\t\t\n\n\t\t<div class=\"section-content relative\">\n\t\t\t\n\n<div class=\"row row-collapse align-middle align-center\" style=\"max-width:1080px\" id=\"row-1690977564\">\n\n\n\t<div id=\"col-917260942\" class=\"col small-12 large-12\"  >\n\t\t\t\t<div class=\"col-inner text-center text-shadow-2\" style=\"background-color:rgba(44, 54, 63, 0.907);\" >\n\t\t\t\n\t\t\t\n\n\t<div id=\"text-3244557156\" class=\"text\">\n\t\t\n\n<h3 style=\"text-align: left;\">PROTOTYYPPIVALMISTUKSESTA SARJAVALMISTUKSEEN<\/h3>\n<p style=\"text-align: left;\">Prototyyppi-\/suunnitteluvaiheen onnistuttua, tarjoamme tuotteille my\u00f6s sarjavalmistusta.<\/p>\n<p style=\"text-align: left;\">Ota meihin rohkeasti yhteytt\u00e4!<\/p>\n\t\t\n<style>\n#text-3244557156 {\n  font-size: 1.3rem;\n  line-height: 1.5;\n  text-align: left;\n}\n@media (min-width:550px) {\n  #text-3244557156 {\n    font-size: 2rem;\n    line-height: 1.5;\n  }\n}\n<\/style>\n\t<\/div>\n\t\n\n\t\t<\/div>\n\t\t\t\t\t<\/div>\n\n\t\n\n\n<style>\n#row-1690977564 > .col > .col-inner {\n  padding: 25px 25px 25px 25px;\n  border-radius: 10px;\n}\n<\/style>\n<\/div>\n\n\t\t<\/div>\n\n\t\t\n<style>\n#section_562358844 {\n  padding-top: 0px;\n  padding-bottom: 0px;\n  min-height: 70vh;\n}\n#section_562358844 .section-bg-overlay {\n  background-color: rgba(0, 0, 0, 0.35);\n}\n#section_562358844 .section-bg img {\n  object-position: 50% 50%;\n}\n<\/style>\n\t<\/section>\n\t\n\n\t<section class=\"section\" id=\"section_882674160\">\n\t\t<div class=\"section-bg fill\" >\n\t\t\t<img loading=\"lazy\" decoding=\"async\" width=\"2560\" height=\"1707\" src=\"https:\/\/www.cubeor.com\/wp-content\/uploads\/2021\/11\/cubeor-layout-image-full.jpg\" class=\"bg attachment- size-\" alt=\"\" \/>\t\t\t\t\t\t\n\t\t\t\n\n\t\t<\/div>\n\n\t\t\n\n\t\t<div class=\"section-content relative\">\n\t\t\t\n\n<div class=\"row row-collapse row-full-width align-middle align-center\"  id=\"row-621550637\">\n\n\n\t<div id=\"col-164964881\" class=\"col small-12 large-12\"  >\n\t\t\t\t<div class=\"col-inner text-center\"  >\n\t\t\t\n\t\t\t\n\n<a href=\"mailto:sales@cubeor.com\" class=\"button primary is-shade is-large box-shadow-4 box-shadow-1-hover\" style=\"border-radius:10px;\">\n\t\t<span>Ota yhteytt\u00e4<\/span>\n\t<i class=\"icon-envelop\" aria-hidden=\"true\"><\/i><\/a>\n\n\n\n\t\t<\/div>\n\t\t\t\t\t<\/div>\n\n\t\n\n\n<style>\n#row-621550637 > .col > .col-inner {\n  padding: 100px 100px 100px 100px;\n}\n<\/style>\n<\/div>\n\n\t\t<\/div>\n\n\t\t\n<style>\n#section_882674160 {\n  padding-top: 0px;\n  padding-bottom: 0px;\n  min-height: 50vh;\n  background-color: #2c363f;\n}\n#section_882674160 .section-bg img {\n  object-position: 50% 50%;\n}\n@media (min-width:550px) {\n  #section_882674160 {\n    padding-top: 0px;\n    padding-bottom: 0px;\n    min-height: 50vh;\n  }\n}\n@media (min-width:850px) {\n  #section_882674160 {\n    padding-top: 0px;\n    padding-bottom: 0px;\n  }\n}\n<\/style>\n\t<\/section>","protected":false},"excerpt":{"rendered":"","protected":false},"author":1,"featured_media":0,"parent":0,"menu_order":5,"comment_status":"closed","ping_status":"closed","template":"page-transparent-header-light.php","meta":{"footnotes":""},"class_list":["post-18464","page","type-page","status-publish","hentry"],"aioseo_notices":[],"_links":{"self":[{"href":"https:\/\/www.cubeor.com\/fi\/wp-json\/wp\/v2\/pages\/18464","targetHints":{"allow":["GET"]}}],"collection":[{"href":"https:\/\/www.cubeor.com\/fi\/wp-json\/wp\/v2\/pages"}],"about":[{"href":"https:\/\/www.cubeor.com\/fi\/wp-json\/wp\/v2\/types\/page"}],"author":[{"embeddable":true,"href":"https:\/\/www.cubeor.com\/fi\/wp-json\/wp\/v2\/users\/1"}],"replies":[{"embeddable":true,"href":"https:\/\/www.cubeor.com\/fi\/wp-json\/wp\/v2\/comments?post=18464"}],"version-history":[{"count":0,"href":"https:\/\/www.cubeor.com\/fi\/wp-json\/wp\/v2\/pages\/18464\/revisions"}],"wp:attachment":[{"href":"https:\/\/www.cubeor.com\/fi\/wp-json\/wp\/v2\/media?parent=18464"}],"curies":[{"name":"wp","href":"https:\/\/api.w.org\/{rel}","templated":true}]}}